{"id":213,"date":"2020-04-13T11:18:54","date_gmt":"2020-04-13T11:18:54","guid":{"rendered":"https:\/\/www.tvojabublinka.sk\/?page_id=213"},"modified":"2024-02-13T12:23:45","modified_gmt":"2024-02-13T11:23:45","slug":"home","status":"publish","type":"page","link":"https:\/\/www.tvojabublinka.sk\/","title":{"rendered":"Home"},"content":{"rendered":"\t\t<div data-elementor-type=\"wp-page\" data-elementor-id=\"213\" class=\"elementor elementor-213\">\n\t\t\t\t\t\t<section class=\"elementor-section elementor-top-section elementor-element elementor-element-5939a86c elementor-section-height-min-height elementor-section-boxed elementor-section-height-default elementor-section-items-middle\" data-id=\"5939a86c\" data-element_type=\"section\" data-settings=\"{&quot;background_background&quot;:&quot;classic&quot;}\">\n\t\t\t\t\t\t\t<div class=\"elementor-background-overlay\"><\/div>\n\t\t\t\t\t\t\t<div class=\"elementor-container elementor-column-gap-no\">\n\t\t\t\t\t<div class=\"elementor-column elementor-col-50 elementor-top-column elementor-element elementor-element-6f6a47a9\" data-id=\"6f6a47a9\" data-element_type=\"column\">\n\t\t\t<div class=\"elementor-widget-wrap elementor-element-populated\">\n\t\t\t\t\t\t<div class=\"elementor-element elementor-element-fe63f2e elementor-widget elementor-widget-spacer\" data-id=\"fe63f2e\" data-element_type=\"widget\" data-widget_type=\"spacer.default\">\n\t\t\t\t<div class=\"elementor-widget-container\">\n\t\t\t\t\t<div class=\"elementor-spacer\">\n\t\t\t<div class=\"elementor-spacer-inner\"><\/div>\n\t\t<\/div>\n\t\t\t\t<\/div>\n\t\t\t\t<\/div>\n\t\t\t\t<div class=\"elementor-element elementor-element-23bc0ff  themeshark-observed-animation themeshark-custom-animation custom-animation-themeshark-heading--effect-blur  themeshark-observed-animation tsFadeInShortLeft animated-slow elementor-invisible elementor-widget elementor-widget-ts-heading\" data-id=\"23bc0ff\" data-element_type=\"widget\" data-settings=\"{&quot;animation&quot;:&quot;themeshark-heading--effect-blur&quot;,&quot;_animation&quot;:&quot;tsFadeInShortLeft&quot;}\" data-widget_type=\"ts-heading.default\">\n\t\t\t\t<div class=\"elementor-widget-container\">\n\t\t\t\n        <div class=\"themeshark-heading themeshark-heading-themeshark-heading--effect-blur\">\n            <div class='themeshark-heading-text-inner-wrap'>\n                <h1 class=\"themeshark-heading-text\">Nie si v tom sama<\/h1>            <\/div>\n        <\/div>\n\t\t<\/div>\n\t\t\t\t<\/div>\n\t\t\t\t\t<\/div>\n\t\t<\/div>\n\t\t\t\t<div class=\"elementor-column elementor-col-50 elementor-top-column elementor-element elementor-element-f545ffb\" data-id=\"f545ffb\" data-element_type=\"column\" data-settings=\"{&quot;animation_mobile&quot;:&quot;none&quot;}\">\n\t\t\t<div class=\"elementor-widget-wrap elementor-element-populated\">\n\t\t\t\t\t\t<div class=\"elementor-element elementor-element-d23d2ff  themeshark-observed-animation zoomIn animated-slow elementor-invisible elementor-widget elementor-widget-text-editor\" data-id=\"d23d2ff\" data-element_type=\"widget\" data-settings=\"{&quot;_animation&quot;:&quot;zoomIn&quot;,&quot;_animation_mobile&quot;:&quot;tsFadeInShortUp&quot;,&quot;_animation_delay&quot;:1200}\" data-widget_type=\"text-editor.default\">\n\t\t\t\t<div class=\"elementor-widget-container\">\n\t\t\t\t\t\t\t<p>Za ka\u017ed\u00fdm nov\u00fdm projektom sa skr\u00fdva \u010dlovek, ktor\u00fd sa rozhodol nie\u010do zmeni\u0165. <br \/>V mojom pr\u00edpade to bola siln\u00e1 t\u00fa\u017eba naplni\u0165 svoje \u017eivotn\u00e9 poslanie a pok\u00fasi\u0165 sa urobi\u0165 tento svet o nie\u010do mal\u00ed\u010dko kraj\u0161\u00edm.<\/p>\t\t\t\t\t\t<\/div>\n\t\t\t\t<\/div>\n\t\t\t\t<div class=\"elementor-element elementor-element-a672f9a  themeshark-observed-animation fadeInDown elementor-view-default elementor-position-top elementor-mobile-position-top elementor-invisible elementor-widget elementor-widget-icon-box\" data-id=\"a672f9a\" data-element_type=\"widget\" data-settings=\"{&quot;_animation&quot;:&quot;fadeInDown&quot;,&quot;_animation_delay&quot;:2000}\" data-widget_type=\"icon-box.default\">\n\t\t\t\t<div class=\"elementor-widget-container\">\n\t\t\t\t\t<div class=\"elementor-icon-box-wrapper\">\n\n\t\t\t\t\t\t<div class=\"elementor-icon-box-icon\">\n\t\t\t\t<span  class=\"elementor-icon elementor-animation-\">\n\t\t\t\t<i aria-hidden=\"true\" class=\"icon icon-double-angle-pointing-to-right\"><\/i>\t\t\t\t<\/span>\n\t\t\t<\/div>\n\t\t\t\n\t\t\t\t\t\t<div class=\"elementor-icon-box-content\">\n\n\t\t\t\t\t\t\t\t\t<h3 class=\"elementor-icon-box-title\">\n\t\t\t\t\t\t<span  >\n\t\t\t\t\t\t\tskrolujte\t\t\t\t\t\t<\/span>\n\t\t\t\t\t<\/h3>\n\t\t\t\t\n\t\t\t\t\n\t\t\t<\/div>\n\t\t\t\n\t\t<\/div>\n\t\t\t\t<\/div>\n\t\t\t\t<\/div>\n\t\t\t\t\t<\/div>\n\t\t<\/div>\n\t\t\t\t\t<\/div>\n\t\t<\/section>\n\t\t\t\t\t\t<div class=\"premium-shape-divider__shape-container\" id=\"premium-shape-divider-34277c67\" style=\"visibility:hidden; position: absolute; opacity:0;\">\n\t\t\t\t\t<svg class= xmlns='http:\/\/www.w3.org\/2000\/svg' aria-hidden='true' viewBox='0 0 35.28 2.17' preserveAspectRatio='none'><path d='M35.28 1.16c-3.17-.8-7.3.4-10.04.56-2.76.17-9.25-1.47-12.68-1.3-3.42.16-4.64.84-7.04.86C3.12 1.31 0 .4 0 .4v1.77h35.28z' fill='%23fbd8c2'\/><\/svg>\t\t\t\t<\/div>\n\t\t\t\t\t<section class=\"elementor-section elementor-top-section elementor-element elementor-element-34277c67 premium-shape-divider-yes elementor-section-boxed elementor-section-height-default elementor-section-height-default premium-shape-divider__default premium-shape22 premium-shape-divider-anime-yes\" data-id=\"34277c67\" data-element_type=\"section\" data-settings=\"{&quot;background_background&quot;:&quot;classic&quot;}\">\n\t\t\t\t\t\t\t<div class=\"elementor-background-overlay\"><\/div>\n\t\t\t\t\t\t\t<div class=\"elementor-container elementor-column-gap-no\">\n\t\t\t\t\t<div class=\"elementor-column elementor-col-50 elementor-top-column elementor-element elementor-element-217497e3\" data-id=\"217497e3\" data-element_type=\"column\">\n\t\t\t<div class=\"elementor-widget-wrap elementor-element-populated\">\n\t\t\t\t\t\t<div class=\"elementor-element elementor-element-8daeed7  themeshark-observed-animation themeshark-custom-animation custom-animation-themeshark-heading--effect-blur  themeshark-observed-animation tsFadeInShortLeft animated-slow elementor-invisible elementor-widget elementor-widget-ts-heading\" data-id=\"8daeed7\" data-element_type=\"widget\" data-settings=\"{&quot;animation&quot;:&quot;themeshark-heading--effect-blur&quot;,&quot;_animation&quot;:&quot;tsFadeInShortLeft&quot;}\" data-widget_type=\"ts-heading.default\">\n\t\t\t\t<div class=\"elementor-widget-container\">\n\t\t\t\n        <div class=\"themeshark-heading themeshark-heading-themeshark-heading--effect-blur\">\n            <div class='themeshark-heading-text-inner-wrap'>\n                <h1 class=\"themeshark-heading-text\">Pre\u010do vznikol tento projekt<\/h1>            <\/div>\n        <\/div>\n\t\t<\/div>\n\t\t\t\t<\/div>\n\t\t\t\t\t<\/div>\n\t\t<\/div>\n\t\t\t\t<div class=\"elementor-column elementor-col-50 elementor-top-column elementor-element elementor-element-2d17052  themeshark-observed-animation none\" data-id=\"2d17052\" data-element_type=\"column\" data-settings=\"{&quot;animation&quot;:&quot;none&quot;}\">\n\t\t\t<div class=\"elementor-widget-wrap elementor-element-populated\">\n\t\t\t\t\t\t<div class=\"elementor-element elementor-element-5600c19  themeshark-observed-animation fadeInUp animated-slow elementor-invisible elementor-widget elementor-widget-text-editor\" data-id=\"5600c19\" data-element_type=\"widget\" data-settings=\"{&quot;_animation&quot;:&quot;fadeInUp&quot;,&quot;_animation_delay&quot;:600,&quot;_animation_mobile&quot;:&quot;fadeInUp&quot;}\" data-widget_type=\"text-editor.default\">\n\t\t\t\t<div class=\"elementor-widget-container\">\n\t\t\t\t\t\t\t<p>Pribl\u00ed\u017eim v\u00e1m m\u00f4j pr\u00edbeh. Za\u010dnem v obdob\u00ed, kedy som za\u010dala ma\u0165 probl\u00e9m s pr\u00edjmom potravy. Ka\u017ed\u00e1 \u017eena si aspo\u0148 raz za \u017eivot, vysk\u00fa\u0161a nejak\u00fa di\u00e9tu, pok\u00fa\u0161a sa zmeni\u0165 svoju postavu. Mne sa to podarilo, schudla som upraven\u00edm stravy na svoju vysn\u00edvan\u00fa v\u00e1hu. To mi samozrejme po \u010dase nesta\u010dilo a chcela som viac. A\u017e k\u00fdm som sa nedostala do bodu, kedy m\u00f4j denn\u00fd pr\u00edjem bol nastaven\u00fd, tak aby som pre\u017eila\u2026V tomto sa mo\u017eno n\u00e1jde viacero diev\u010dat, \u010di \u017eien.<br \/>Trvalo to nieko\u013eko mesiacov.. Za\u010dala som si uvedomova\u0165, \u017ee takto nem\u00f4\u017eem \u017ei\u0165. Nie je to dlhodobo udr\u017eate\u013en\u00e9 a absol\u00fatne nezdrav\u00e9, dokonca je to risk so \u017eivotom.<\/p>\t\t\t\t\t\t<\/div>\n\t\t\t\t<\/div>\n\t\t\t\t\t<\/div>\n\t\t<\/div>\n\t\t\t\t\t<\/div>\n\t\t<\/section>\n\t\t\t\t<section class=\"elementor-section elementor-top-section elementor-element elementor-element-4076731b elementor-section-height-min-height elementor-section-boxed elementor-section-height-default elementor-section-items-middle\" data-id=\"4076731b\" data-element_type=\"section\" data-settings=\"{&quot;background_background&quot;:&quot;classic&quot;}\">\n\t\t\t\t\t\t\t<div class=\"elementor-background-overlay\"><\/div>\n\t\t\t\t\t\t\t<div class=\"elementor-container elementor-column-gap-no\">\n\t\t\t\t\t<div class=\"elementor-column elementor-col-100 elementor-top-column elementor-element elementor-element-e33f0e0\" data-id=\"e33f0e0\" data-element_type=\"column\">\n\t\t\t<div class=\"elementor-widget-wrap elementor-element-populated\">\n\t\t\t\t\t\t<div class=\"elementor-element elementor-element-d73361e elementor-widget elementor-widget-image-box\" data-id=\"d73361e\" data-element_type=\"widget\" data-widget_type=\"image-box.default\">\n\t\t\t\t<div class=\"elementor-widget-container\">\n\t\t\t<div class=\"elementor-image-box-wrapper\"><div class=\"elementor-image-box-content\"><h2 class=\"elementor-image-box-title\">n\u00e1jde\u0161 n\u00e1s aj na soci\u00e1lnych sie\u0165ach<\/h2><\/div><\/div>\t\t<\/div>\n\t\t\t\t<\/div>\n\t\t\t\t<div class=\"elementor-element elementor-element-903038d  themeshark-observed-animation bounceIn animated-slow elementor-shape-rounded elementor-grid-0 e-grid-align-center elementor-invisible elementor-widget elementor-widget-social-icons\" data-id=\"903038d\" data-element_type=\"widget\" data-settings=\"{&quot;_animation&quot;:&quot;bounceIn&quot;}\" data-widget_type=\"social-icons.default\">\n\t\t\t\t<div class=\"elementor-widget-container\">\n\t\t\t\t\t<div class=\"elementor-social-icons-wrapper elementor-grid\">\n\t\t\t\t\t\t\t<span class=\"elementor-grid-item\">\n\t\t\t\t\t<a class=\"elementor-icon elementor-social-icon elementor-social-icon-facebook elementor-animation-push elementor-repeater-item-645906e\" target=\"_blank\">\n\t\t\t\t\t\t<span class=\"elementor-screen-only\">Facebook<\/span>\n\t\t\t\t\t\t<svg class=\"e-font-icon-svg e-fab-facebook\" viewBox=\"0 0 512 512\" xmlns=\"http:\/\/www.w3.org\/2000\/svg\"><path d=\"M504 256C504 119 393 8 256 8S8 119 8 256c0 123.78 90.69 226.38 209.25 245V327.69h-63V256h63v-54.64c0-62.15 37-96.48 93.67-96.48 27.14 0 55.52 4.84 55.52 4.84v61h-31.28c-30.8 0-40.41 19.12-40.41 38.73V256h68.78l-11 71.69h-57.78V501C413.31 482.38 504 379.78 504 256z\"><\/path><\/svg>\t\t\t\t\t<\/a>\n\t\t\t\t<\/span>\n\t\t\t\t\t\t\t<span class=\"elementor-grid-item\">\n\t\t\t\t\t<a class=\"elementor-icon elementor-social-icon elementor-social-icon-youtube elementor-animation-push elementor-repeater-item-2772bd2\" target=\"_blank\">\n\t\t\t\t\t\t<span class=\"elementor-screen-only\">Youtube<\/span>\n\t\t\t\t\t\t<svg class=\"e-font-icon-svg e-fab-youtube\" viewBox=\"0 0 576 512\" xmlns=\"http:\/\/www.w3.org\/2000\/svg\"><path d=\"M549.655 124.083c-6.281-23.65-24.787-42.276-48.284-48.597C458.781 64 288 64 288 64S117.22 64 74.629 75.486c-23.497 6.322-42.003 24.947-48.284 48.597-11.412 42.867-11.412 132.305-11.412 132.305s0 89.438 11.412 132.305c6.281 23.65 24.787 41.5 48.284 47.821C117.22 448 288 448 288 448s170.78 0 213.371-11.486c23.497-6.321 42.003-24.171 48.284-47.821 11.412-42.867 11.412-132.305 11.412-132.305s0-89.438-11.412-132.305zm-317.51 213.508V175.185l142.739 81.205-142.739 81.201z\"><\/path><\/svg>\t\t\t\t\t<\/a>\n\t\t\t\t<\/span>\n\t\t\t\t\t\t\t<span class=\"elementor-grid-item\">\n\t\t\t\t\t<a class=\"elementor-icon elementor-social-icon elementor-social-icon-instagram elementor-animation-push elementor-repeater-item-3fdb8a9\" target=\"_blank\">\n\t\t\t\t\t\t<span class=\"elementor-screen-only\">Instagram<\/span>\n\t\t\t\t\t\t<svg class=\"e-font-icon-svg e-fab-instagram\" viewBox=\"0 0 448 512\" xmlns=\"http:\/\/www.w3.org\/2000\/svg\"><path d=\"M224.1 141c-63.6 0-114.9 51.3-114.9 114.9s51.3 114.9 114.9 114.9S339 319.5 339 255.9 287.7 141 224.1 141zm0 189.6c-41.1 0-74.7-33.5-74.7-74.7s33.5-74.7 74.7-74.7 74.7 33.5 74.7 74.7-33.6 74.7-74.7 74.7zm146.4-194.3c0 14.9-12 26.8-26.8 26.8-14.9 0-26.8-12-26.8-26.8s12-26.8 26.8-26.8 26.8 12 26.8 26.8zm76.1 27.2c-1.7-35.9-9.9-67.7-36.2-93.9-26.2-26.2-58-34.4-93.9-36.2-37-2.1-147.9-2.1-184.9 0-35.8 1.7-67.6 9.9-93.9 36.1s-34.4 58-36.2 93.9c-2.1 37-2.1 147.9 0 184.9 1.7 35.9 9.9 67.7 36.2 93.9s58 34.4 93.9 36.2c37 2.1 147.9 2.1 184.9 0 35.9-1.7 67.7-9.9 93.9-36.2 26.2-26.2 34.4-58 36.2-93.9 2.1-37 2.1-147.8 0-184.8zM398.8 388c-7.8 19.6-22.9 34.7-42.6 42.6-29.5 11.7-99.5 9-132.1 9s-102.7 2.6-132.1-9c-19.6-7.8-34.7-22.9-42.6-42.6-11.7-29.5-9-99.5-9-132.1s-2.6-102.7 9-132.1c7.8-19.6 22.9-34.7 42.6-42.6 29.5-11.7 99.5-9 132.1-9s102.7-2.6 132.1 9c19.6 7.8 34.7 22.9 42.6 42.6 11.7 29.5 9 99.5 9 132.1s2.7 102.7-9 132.1z\"><\/path><\/svg>\t\t\t\t\t<\/a>\n\t\t\t\t<\/span>\n\t\t\t\t\t<\/div>\n\t\t\t\t<\/div>\n\t\t\t\t<\/div>\n\t\t\t\t\t<\/div>\n\t\t<\/div>\n\t\t\t\t\t<\/div>\n\t\t<\/section>\n\t\t\t\t<section class=\"elementor-section elementor-top-section elementor-element elementor-element-aa3476e elementor-section-boxed elementor-section-height-default elementor-section-height-default\" data-id=\"aa3476e\" data-element_type=\"section\" data-settings=\"{&quot;background_background&quot;:&quot;classic&quot;}\">\n\t\t\t\t\t\t\t<div class=\"elementor-background-overlay\"><\/div>\n\t\t\t\t\t\t\t<div class=\"elementor-container elementor-column-gap-no\">\n\t\t\t\t\t<div class=\"elementor-column elementor-col-100 elementor-top-column elementor-element elementor-element-38c2309\" data-id=\"38c2309\" data-element_type=\"column\">\n\t\t\t<div class=\"elementor-widget-wrap elementor-element-populated\">\n\t\t\t\t\t\t<div class=\"elementor-element elementor-element-bad425f  themeshark-observed-animation themeshark-custom-animation custom-animation-themeshark-heading--effect-blur  themeshark-observed-animation tsFadeInShortLeft animated-slow elementor-invisible elementor-widget elementor-widget-ts-heading\" data-id=\"bad425f\" data-element_type=\"widget\" data-settings=\"{&quot;animation&quot;:&quot;themeshark-heading--effect-blur&quot;,&quot;_animation&quot;:&quot;tsFadeInShortLeft&quot;}\" data-widget_type=\"ts-heading.default\">\n\t\t\t\t<div class=\"elementor-widget-container\">\n\t\t\t\n        <div class=\"themeshark-heading themeshark-heading-themeshark-heading--effect-blur\">\n            <div class='themeshark-heading-text-inner-wrap'>\n                <h1 class=\"themeshark-heading-text\">Jeden pr\u00edbeh...<\/h1>            <\/div>\n        <\/div>\n\t\t<\/div>\n\t\t\t\t<\/div>\n\t\t\t\t<div class=\"elementor-element elementor-element-7b05546  themeshark-observed-animation fadeInUp animated-slow elementor-invisible elementor-widget elementor-widget-text-editor\" data-id=\"7b05546\" data-element_type=\"widget\" data-settings=\"{&quot;_animation&quot;:&quot;fadeInUp&quot;}\" data-widget_type=\"text-editor.default\">\n\t\t\t\t<div class=\"elementor-widget-container\">\n\t\t\t\t\t\t\t<p>Nechcela som vyh\u013ead\u00e1va\u0165 odborn\u00fa pomoc. Verila som, \u017ee to zvl\u00e1dnem sama. Za\u010dala som sa zam\u00fd\u0161\u013ea\u0165 nad svojim \u017eivotom, poslan\u00edm, zmyslom, hodnotami a prioritami. Za\u010dala som do h\u013abky rozobera\u0165 svoju podstatu. Pochopila som, \u017ee ke\u010f toto sama sebe rob\u00edm, nech\u00e1vam sa hladova\u0165, jednozna\u010dne sa nem\u00e1m rada. Chcelo to robi\u0165 postupn\u00e9 zmeny a za\u010da\u0165 sa viac riadi\u0165 srdcom a robi\u0165 rozhodnutia a veci, ktor\u00e9 ma robia \u0161\u0165astnou. Star\u00fd \u017eivot som hodila za seba a za\u010dala som si budova\u0165 nov\u00fd. Nov\u00fd \u017eivot v novom prostred\u00ed, bez priate\u013eov, bez bl\u00edzkych a s nov\u00fdm nastaven\u00edm mysle. <span style=\"font-style: inherit; font-weight: inherit;\">Stanovila som si d\u00f4le\u017eit\u00e9 ciele &#8211; nau\u010di\u0165 sa \u017ei\u0165 sama so sebou, prija\u0165 sa, \u013e\u00fabi\u0165 sa, da\u0165 SEBA na prv\u00e9 miesto a stara\u0165 sa o seba po fyzickej aj psychickej str\u00e1nke.\u00a0<\/span><span style=\"font-style: inherit; font-weight: inherit;\">Vo svojom okol\u00ed som nemala nikoho, kto by ch\u00e1pal, \u010d\u00edm si prech\u00e1dzam. Nikto, komu by som sa zd\u00f4verila, bez toho aby ma s\u00fadil. Tak\u017ee v\u0161etky f\u00e1zy, ktor\u00fdmi som si prech\u00e1dzala, som rie\u0161ila len sama so sebou.<\/span><\/p><p>Mo\u017eno preto bola moja cesta n\u00e1ro\u010dnej\u0161ia a zd\u013ahavej\u0161ia ale o to pr\u00ednosnej\u0161ia a n\u00e1u\u010dn\u00e1.\u00a0<span style=\"font-style: inherit; font-weight: inherit;\">Od za\u010diatku som vedela, \u017ee k\u00fdm nebudem \u0161\u0165astn\u00e1 sama so sebou, nevytvor\u00edm si k sebe pozit\u00edvny vz\u0165ah a nebudem sa ma\u0165 na prvom mieste, nie je vhodn\u00e9 ma\u0165 in\u00e9 vz\u0165ahy.\u00a0<\/span><span style=\"font-style: inherit; font-weight: inherit;\">Mne osobne to trvalo pribli\u017ene 2-3 roky, k\u00fdm som pri\u0161la do \u017eivotnej f\u00e1zy, kde som si za\u010dala prip\u00fa\u0161\u0165a\u0165 \u013eud\u00ed nasp\u00e4\u0165 k sebe, kedy som za\u010dala by\u0165 naozaj \u0161\u0165astn\u00e1.\u00a0<\/span><span style=\"font-style: inherit; font-weight: inherit;\">Zistila som, \u017ee je to v kone\u010dnom d\u00f4sledku nesmierne jednoduch\u00e9. \u017di\u0165 \u0161\u0165astne. Ni\u010d viac.<\/span><\/p><p>Moment\u00e1lne pre\u017e\u00edvam naj\u0161\u0165astnej\u0161ie a najkraj\u0161ie roky svojho \u017eivota a ke\u010f p\u00ed\u0161em tieto riadky m\u00e1m v o\u010diach slzy radosti.\u00a0<span style=\"font-style: inherit; font-weight: inherit;\">Za toto moje kr\u00e1sne obdobie som postret\u00e1vala mnoho ubolen\u00fdch, straten\u00fdch, ne\u0161\u0165astn\u00fdch du\u0161\u00ed\u2026.<\/span><\/p><p><span style=\"font-style: inherit; font-weight: inherit;\">Ka\u017ed\u00fd pr\u00edbeh som sa v\u017edy sna\u017eila prec\u00edti\u0165 a poradi\u0165, tak\u00fdm svojim sp\u00f4sobom.\u00a0<\/span><span style=\"font-style: inherit; font-weight: inherit;\">Empaticky porozumie\u0165. Preto\u017ee nech pre\u017e\u00edvame ak\u00e9ko\u013evek psychick\u00e9 probl\u00e9my, potrebujeme to dosta\u0165 zo seba von, chceme radu, nasmerovanie, \u010doko\u013evek ale ten strach z nepochopenia je \u010dasto kr\u00e1t silnej\u0161\u00ed a dus\u00edme to v sebe. Ako som to dusila aj ja.\u00a0<\/span><span style=\"font-style: inherit; font-weight: inherit;\">Keby som v tom \u010dase poznala, niekoho, kto si prech\u00e1dza nie\u010dim podobn\u00fdm, viem, \u017ee by to cel\u00e9 bolo jednoduch\u0161ie.\u00a0<\/span><span style=\"font-style: inherit; font-weight: inherit;\">Chcem aby si tu ka\u017ed\u00fd na\u0161iel pochopenie, pomoc, nasmerovanie a samozrejme to svoje \u0161\u0165astie. Aby si si tu na\u0161iel\/na\u0161la svoju iskru a \u010falej na tomto svete svietil\/a \ud83e\udef6<\/span><\/p><p>Chcem aby sme si vytvorili komunitu, ktor\u00e1 sa bude vz\u00e1jomne ch\u00e1pa\u0165, re\u0161pektova\u0165 a pom\u00e1ha\u0165 si. Aby si vedel\/a, \u017ee v tom nie si S\u00c1M\/A.<\/p>\t\t\t\t\t\t<\/div>\n\t\t\t\t<\/div>\n\t\t\t\t\t<\/div>\n\t\t<\/div>\n\t\t\t\t\t<\/div>\n\t\t<\/section>\n\t\t\t\t<section class=\"elementor-section elementor-top-section elementor-element elementor-element-f2b6de7 elementor-section-boxed elementor-section-height-default elementor-section-height-default\" data-id=\"f2b6de7\" data-element_type=\"section\" data-settings=\"{&quot;background_background&quot;:&quot;classic&quot;}\">\n\t\t\t\t\t\t\t<div class=\"elementor-background-overlay\"><\/div>\n\t\t\t\t\t\t\t<div class=\"elementor-container elementor-column-gap-no\">\n\t\t\t\t\t<div class=\"elementor-column elementor-col-100 elementor-top-column elementor-element elementor-element-b855954\" data-id=\"b855954\" data-element_type=\"column\">\n\t\t\t<div class=\"elementor-widget-wrap elementor-element-populated\">\n\t\t\t\t\t\t<div class=\"elementor-element elementor-element-7b31906 elementor-widget elementor-widget-image-box\" data-id=\"7b31906\" data-element_type=\"widget\" data-widget_type=\"image-box.default\">\n\t\t\t\t<div class=\"elementor-widget-container\">\n\t\t\t<div class=\"elementor-image-box-wrapper\"><div class=\"elementor-image-box-content\"><h2 class=\"elementor-image-box-title\">Nap\u00ed\u0161 n\u00e1m<\/h2><p class=\"elementor-image-box-description\">Lorem ipsum dolor sit amet, consectetur adipiscing elit. Ut elit tellus, luctus nec ullamcorper mattis, pulvinar dapibus leo.<\/p><\/div><\/div>\t\t<\/div>\n\t\t\t\t<\/div>\n\t\t\t\t<div class=\"elementor-element elementor-element-04afa38 elementor-align-center elementor-widget elementor-widget-button\" data-id=\"04afa38\" data-element_type=\"widget\" data-widget_type=\"button.default\">\n\t\t\t\t<div class=\"elementor-widget-container\">\n\t\t\t\t\t<div class=\"elementor-button-wrapper\">\n\t\t\t<a class=\"elementor-button elementor-button-link elementor-size-lg\" href=\"#\">\n\t\t\t\t\t\t<span class=\"elementor-button-content-wrapper\">\n\t\t\t\t\t\t\t\t\t<span class=\"elementor-button-text\">kontakt<\/span>\n\t\t\t\t\t<\/span>\n\t\t\t\t\t<\/a>\n\t\t<\/div>\n\t\t\t\t<\/div>\n\t\t\t\t<\/div>\n\t\t\t\t\t<\/div>\n\t\t<\/div>\n\t\t\t\t\t<\/div>\n\t\t<\/section>\n\t\t\t\t<\/div>\n\t\t","protected":false},"excerpt":{"rendered":"<p>Nie si v tom sama Za ka\u017ed\u00fdm nov\u00fdm projektom sa skr\u00fdva \u010dlovek, ktor\u00fd sa rozhodol nie\u010do zmeni\u0165. V mojom pr\u00edpade to bola siln\u00e1 t\u00fa\u017eba naplni\u0165 svoje \u017eivotn\u00e9 poslanie a pok\u00fasi\u0165 sa urobi\u0165 tento svet o nie\u010do mal\u00ed\u010dko kraj\u0161\u00edm. skrolujte Pre\u010do vznikol tento projekt Pribl\u00ed\u017eim v\u00e1m m\u00f4j pr\u00edbeh. Za\u010dnem v obdob\u00ed, kedy som za\u010dala ma\u0165 probl\u00e9m [&hellip;]<\/p>\n","protected":false},"author":1,"featured_media":0,"parent":0,"menu_order":0,"comment_status":"closed","ping_status":"closed","template":"","meta":{"site-sidebar-layout":"no-sidebar","site-content-layout":"page-builder","ast-site-content-layout":"","site-content-style":"default","site-sidebar-style":"default","ast-global-header-display":"","ast-banner-title-visibility":"","ast-main-header-display":"","ast-hfb-above-header-display":"","ast-hfb-below-header-display":"","ast-hfb-mobile-header-display":"","site-post-title":"disabled","ast-breadcrumbs-content":"","ast-featured-img":"","footer-sml-layout":"","theme-transparent-header-meta":"enabled","adv-header-id-meta":"","stick-header-meta":"","header-above-stick-meta":"","header-main-stick-meta":"","header-below-stick-meta":"","astra-migrate-meta-layouts":"default","ast-page-background-enabled":"default","ast-page-background-meta":{"desktop":{"background-color":"","background-image":"","background-repeat":"repeat","background-position":"center center","background-size":"auto","background-attachment":"scroll","background-type":"","background-media":"","overlay-type":"","overlay-color":"","overlay-opacity":"","overlay-gradient":""},"tablet":{"background-color":"","background-image":"","background-repeat":"repeat","background-position":"center center","background-size":"auto","background-attachment":"scroll","background-type":"","background-media":"","overlay-type":"","overlay-color":"","overlay-opacity":"","overlay-gradient":""},"mobile":{"background-color":"","background-image":"","background-repeat":"repeat","background-position":"center center","background-size":"auto","background-attachment":"scroll","background-type":"","background-media":"","overlay-type":"","overlay-color":"","overlay-opacity":"","overlay-gradient":""}},"ast-content-background-meta":{"desktop":{"background-color":"var(--ast-global-color-5)","background-image":"","background-repeat":"repeat","background-position":"center center","background-size":"auto","background-attachment":"scroll","background-type":"","background-media":"","overlay-type":"","overlay-color":"","overlay-opacity":"","overlay-gradient":""},"tablet":{"background-color":"var(--ast-global-color-5)","background-image":"","background-repeat":"repeat","background-position":"center center","background-size":"auto","background-attachment":"scroll","background-type":"","background-media":"","overlay-type":"","overlay-color":"","overlay-opacity":"","overlay-gradient":""},"mobile":{"background-color":"var(--ast-global-color-5)","background-image":"","background-repeat":"repeat","background-position":"center center","background-size":"auto","background-attachment":"scroll","background-type":"","background-media":"","overlay-type":"","overlay-color":"","overlay-opacity":"","overlay-gradient":""}},"footnotes":""},"class_list":["post-213","page","type-page","status-publish","hentry"],"_links":{"self":[{"href":"https:\/\/www.tvojabublinka.sk\/index.php?rest_route=\/wp\/v2\/pages\/213"}],"collection":[{"href":"https:\/\/www.tvojabublinka.sk\/index.php?rest_route=\/wp\/v2\/pages"}],"about":[{"href":"https:\/\/www.tvojabublinka.sk\/index.php?rest_route=\/wp\/v2\/types\/page"}],"author":[{"embeddable":true,"href":"https:\/\/www.tvojabublinka.sk\/index.php?rest_route=\/wp\/v2\/users\/1"}],"replies":[{"embeddable":true,"href":"https:\/\/www.tvojabublinka.sk\/index.php?rest_route=%2Fwp%2Fv2%2Fcomments&post=213"}],"version-history":[{"count":6,"href":"https:\/\/www.tvojabublinka.sk\/index.php?rest_route=\/wp\/v2\/pages\/213\/revisions"}],"predecessor-version":[{"id":793,"href":"https:\/\/www.tvojabublinka.sk\/index.php?rest_route=\/wp\/v2\/pages\/213\/revisions\/793"}],"wp:attachment":[{"href":"https:\/\/www.tvojabublinka.sk\/index.php?rest_route=%2Fwp%2Fv2%2Fmedia&parent=213"}],"curies":[{"name":"wp","href":"https:\/\/api.w.org\/{rel}","templated":true}]}}